{"id":287,"date":"2026-03-06T11:12:35","date_gmt":"2026-03-06T09:12:35","guid":{"rendered":"https:\/\/lafruitera.cat\/quienes-somos\/"},"modified":"2026-03-31T17:17:12","modified_gmt":"2026-03-31T15:17:12","slug":"quienes-somos","status":"publish","type":"page","link":"https:\/\/lafruitera.cat\/es\/quienes-somos\/","title":{"rendered":"Qui\u00e9nes somos"},"content":{"rendered":"<p><div class=\"fusion-fullwidth fullwidth-box fusion-builder-row-1 fusion-flex-container has-pattern-background has-mask-background fusion-parallax-none nonhundred-percent-fullwidth non-hundred-percent-height-scrolling lazyload\" style=\"--awb-border-radius-top-left:0px;--awb-border-radius-top-right:0px;--awb-border-radius-bottom-right:0px;--awb-border-radius-bottom-left:0px;--awb-padding-top:25%;--awb-padding-bottom:5%;--awb-background-image:linear-gradient(180deg, rgba(0,0,0,0.4) 0%,rgba(0,0,0,0.4) 100%);;--awb-background-size:cover;--awb-flex-wrap:wrap;\" data-bg=\"https:\/\/lafruitera.cat\/wp-content\/uploads\/2026\/03\/4a8a70ac2a3ca96b06a716be1696e561e96ed011-scaled.png\" data-bg-gradient=\"linear-gradient(180deg, rgba(0,0,0,0.4) 0%,rgba(0,0,0,0.4) 100%)\" ><div class=\"fusion-builder-row fusion-row fusion-flex-align-items-flex-start fusion-flex-content-wrap\" style=\"max-width:1248px;margin-left: calc(-4% \/ 2 );margin-right: calc(-4% \/ 2 );\"><div class=\"fusion-layout-column fusion_builder_column fusion-builder-column-0 fusion_builder_column_1_1 1_1 fusion-flex-column\" style=\"--awb-padding-right:10%;--awb-padding-left:10%;--awb-bg-size:cover;--awb-width-large:100%;--awb-margin-top-large:0px;--awb-spacing-right-large:1.92%;--awb-margin-bottom-large:20px;--awb-spacing-left-large:1.92%;--awb-width-medium:100%;--awb-order-medium:0;--awb-spacing-right-medium:1.92%;--awb-spacing-left-medium:1.92%;--awb-width-small:100%;--awb-order-small:0;--awb-spacing-right-small:1.92%;--awb-spacing-left-small:1.92%;\"><div class=\"fusion-column-wrapper fusion-column-has-shadow fusion-flex-justify-content-flex-start fusion-content-layout-column\"><div class=\"fusion-title title fusion-title-1 fusion-sep-none fusion-title-center fusion-title-text fusion-title-size-one\" style=\"--awb-text-color:#ffffff;--awb-margin-top-small:10px;--awb-margin-right-small:0px;--awb-margin-bottom-small:10px;--awb-margin-left-small:0px;\"><h1 class=\"fusion-title-heading title-heading-center\" style=\"margin:0;\">\u00bfQui\u00e9nes somos?<\/h1><\/div><div class=\"fusion-title title fusion-title-2 fusion-sep-none fusion-title-center fusion-title-text fusion-title-size-two\" style=\"--awb-text-color:#ffffff;--awb-margin-top-small:10px;--awb-margin-right-small:0px;--awb-margin-bottom-small:10px;--awb-margin-left-small:0px;\"><h2 class=\"fusion-title-heading title-heading-center\" style=\"margin:0;\">\u00a1Comprometidos con la proximidad, la calidad y el gusto irresistible!<\/h2><\/div><\/div><\/div><\/div><\/div><div class=\"fusion-fullwidth fullwidth-box fusion-builder-row-2 fusion-flex-container has-pattern-background has-mask-background nonhundred-percent-fullwidth non-hundred-percent-height-scrolling\" style=\"--awb-border-radius-top-left:0px;--awb-border-radius-top-right:0px;--awb-border-radius-bottom-right:0px;--awb-border-radius-bottom-left:0px;--awb-padding-top:3%;--awb-padding-bottom:3%;--awb-flex-wrap:wrap;\" ><div class=\"fusion-builder-row fusion-row fusion-flex-align-items-center fusion-flex-content-wrap\" style=\"max-width:1248px;margin-left: calc(-4% \/ 2 );margin-right: calc(-4% \/ 2 );\"><div class=\"fusion-layout-column fusion_builder_column fusion-builder-column-1 fusion_builder_column_1_2 1_2 fusion-flex-column\" style=\"--awb-bg-size:cover;--awb-width-large:50%;--awb-margin-top-large:0px;--awb-spacing-right-large:3.84%;--awb-margin-bottom-large:20px;--awb-spacing-left-large:3.84%;--awb-width-medium:50%;--awb-order-medium:0;--awb-spacing-right-medium:3.84%;--awb-spacing-left-medium:3.84%;--awb-width-small:100%;--awb-order-small:0;--awb-spacing-right-small:1.92%;--awb-spacing-left-small:1.92%;\"><div class=\"fusion-column-wrapper fusion-column-has-shadow fusion-flex-justify-content-flex-start fusion-content-layout-column\"><div class=\"fusion-image-element \" style=\"--awb-aspect-ratio:1 \/ 1;--awb-caption-title-font-family:var(--h2_typography-font-family);--awb-caption-title-font-weight:var(--h2_typography-font-weight);--awb-caption-title-font-style:var(--h2_typography-font-style);--awb-caption-title-size:var(--h2_typography-font-size);--awb-caption-title-transform:var(--h2_typography-text-transform);--awb-caption-title-line-height:var(--h2_typography-line-height);--awb-caption-title-letter-spacing:var(--h2_typography-letter-spacing);\"><span class=\" fusion-imageframe imageframe-none imageframe-1 hover-type-none has-aspect-ratio\"><img decoding=\"async\" width=\"1920\" height=\"2560\" title=\"739ebdd51d0dad47db1476ae4d8429ffa3a5dc5b\" src=\"https:\/\/lafruitera.cat\/wp-content\/uploads\/2026\/03\/739ebdd51d0dad47db1476ae4d8429ffa3a5dc5b-scaled.jpg\" data-orig-src=\"https:\/\/lafruitera.cat\/wp-content\/uploads\/2026\/03\/739ebdd51d0dad47db1476ae4d8429ffa3a5dc5b-scaled.jpg\" class=\"lazyload img-responsive wp-image-289 img-with-aspect-ratio\" data-parent-fit=\"cover\" data-parent-container=\".fusion-image-element\" alt srcset=\"data:image\/svg+xml,%3Csvg%20xmlns%3D%27http%3A%2F%2Fwww.w3.org%2F2000%2Fsvg%27%20width%3D%271920%27%20height%3D%272560%27%20viewBox%3D%270%200%201920%202560%27%3E%3Crect%20width%3D%271920%27%20height%3D%272560%27%20fill-opacity%3D%220%22%2F%3E%3C%2Fsvg%3E\" data-srcset=\"https:\/\/lafruitera.cat\/wp-content\/uploads\/2026\/03\/739ebdd51d0dad47db1476ae4d8429ffa3a5dc5b-200x267.jpg 200w, https:\/\/lafruitera.cat\/wp-content\/uploads\/2026\/03\/739ebdd51d0dad47db1476ae4d8429ffa3a5dc5b-400x533.jpg 400w, https:\/\/lafruitera.cat\/wp-content\/uploads\/2026\/03\/739ebdd51d0dad47db1476ae4d8429ffa3a5dc5b-600x800.jpg 600w, https:\/\/lafruitera.cat\/wp-content\/uploads\/2026\/03\/739ebdd51d0dad47db1476ae4d8429ffa3a5dc5b-800x1067.jpg 800w, https:\/\/lafruitera.cat\/wp-content\/uploads\/2026\/03\/739ebdd51d0dad47db1476ae4d8429ffa3a5dc5b-1200x1600.jpg 1200w, https:\/\/lafruitera.cat\/wp-content\/uploads\/2026\/03\/739ebdd51d0dad47db1476ae4d8429ffa3a5dc5b-scaled.jpg 1920w\" data-sizes=\"auto\" data-orig-sizes=\"(max-width: 640px) 100vw, 600px\" \/><\/span><\/div><\/div><\/div><div class=\"fusion-layout-column fusion_builder_column fusion-builder-column-2 fusion_builder_column_1_2 1_2 fusion-flex-column\" style=\"--awb-bg-size:cover;--awb-width-large:50%;--awb-margin-top-large:0px;--awb-spacing-right-large:3.84%;--awb-margin-bottom-large:20px;--awb-spacing-left-large:3.84%;--awb-width-medium:50%;--awb-order-medium:0;--awb-spacing-right-medium:3.84%;--awb-spacing-left-medium:3.84%;--awb-width-small:100%;--awb-order-small:0;--awb-spacing-right-small:1.92%;--awb-spacing-left-small:1.92%;\"><div class=\"fusion-column-wrapper fusion-column-has-shadow fusion-flex-justify-content-flex-start fusion-content-layout-column\"><div class=\"fusion-title title fusion-title-3 fusion-sep-none fusion-title-text fusion-title-size-two\" style=\"--awb-margin-top-small:10px;--awb-margin-right-small:0px;--awb-margin-bottom-small:10px;--awb-margin-left-small:0px;\"><h2 class=\"fusion-title-heading title-heading-left\" style=\"margin:0;\">Disfruta de todo el sabor de la fruta y verdura de proximidad<\/h2><\/div><div class=\"fusion-text fusion-text-1\"><p>La Fruitera naci\u00f3 en 2020 con una idea clara: ofrecer un consumo m\u00e1s responsable, cercano y de calidad. Queremos acercarte a los mejores productos del Camp de Tarragona, seleccionados con cuidado de proveedores locales que conocemos y en los que confiamos. Cada pieza de fruta o verdura que llega a tu casa la he escogido pensando en el sabor, la frescura y el respeto por el territorio.<\/p>\n<p>Con s\u00f3lo unos clics, puedes hacer tu compra desde el sof\u00e1 de casa, disfrutando de la comodidad de la tecnolog\u00eda sin renunciar a la autenticidad del producto de proximidad. Nuestro objetivo es claro: convertirnos en la primera opci\u00f3n del Camp de Tarragona para todos aquellos que valoren la calidad, la frescura y el soporte al producto local.<\/p>\n<p>Combinamos la venta tradicional con las nuevas oportunidades digitales, siempre con el objetivo de que tu experiencia de compra sea c\u00f3moda, \u00e1gil y satisfactoria. La Fruitera no es s\u00f3lo una fruter\u00eda: es tu fruter\u00eda de barrio, al alcance de tu hogar, con productos que conectan con la tierra y con la gente que la cultiva.<\/p>\n<\/div><\/div><\/div><\/div><\/div><div class=\"fusion-fullwidth fullwidth-box fusion-builder-row-3 fusion-flex-container has-pattern-background has-mask-background nonhundred-percent-fullwidth non-hundred-percent-height-scrolling\" style=\"--awb-border-radius-top-left:0px;--awb-border-radius-top-right:0px;--awb-border-radius-bottom-right:0px;--awb-border-radius-bottom-left:0px;--awb-padding-top:3%;--awb-padding-bottom:3%;--awb-flex-wrap:wrap;\" ><div class=\"fusion-builder-row fusion-row fusion-flex-align-items-center fusion-flex-content-wrap\" style=\"max-width:1248px;margin-left: calc(-4% \/ 2 );margin-right: calc(-4% \/ 2 );\"><div class=\"fusion-layout-column fusion_builder_column fusion-builder-column-3 fusion_builder_column_1_2 1_2 fusion-flex-column\" style=\"--awb-bg-size:cover;--awb-width-large:50%;--awb-margin-top-large:0px;--awb-spacing-right-large:3.84%;--awb-margin-bottom-large:20px;--awb-spacing-left-large:3.84%;--awb-width-medium:50%;--awb-order-medium:0;--awb-spacing-right-medium:3.84%;--awb-spacing-left-medium:3.84%;--awb-width-small:100%;--awb-order-small:0;--awb-spacing-right-small:1.92%;--awb-spacing-left-small:1.92%;\"><div class=\"fusion-column-wrapper fusion-column-has-shadow fusion-flex-justify-content-flex-start fusion-content-layout-column\"><div class=\"fusion-title title fusion-title-4 fusion-sep-none fusion-title-text fusion-title-size-two\" style=\"--awb-margin-top-small:10px;--awb-margin-right-small:0px;--awb-margin-bottom-small:10px;--awb-margin-left-small:0px;\"><h2 class=\"fusion-title-heading title-heading-left\" style=\"margin:0;\">Te preparamos el pedido de fruta y verdura a medida<\/h2><\/div><div class=\"fusion-text fusion-text-2\"><p>En La Fruitera repartimos en todo el Camp de Tarragona, tanto a particulares como a empresas, con productos frescos y de proximidad. \u00bfQuieres disfrutar de fruta y verdura de temporada sin salir de casa? Nosotros te lo ponemos f\u00e1cil.<\/p>\n<p>Te ofrecemos la posibilidad de comprar fruta y verdura a granel, para que puedas escoger la cantidad exacta de productos que necesitas y as\u00ed evitamos el desperdicio alimentario.<\/p>\n<p>Haz tu pedido con s\u00f3lo unos clics y nosotros te lo llevamos directamente a casa, con comodidad y seguridad. \u00a1Disfruta de la frescura y el sabor del Camp de Tarragona sin complicaciones!<\/p>\n<\/div><\/div><\/div><div class=\"fusion-layout-column fusion_builder_column fusion-builder-column-4 fusion_builder_column_1_2 1_2 fusion-flex-column\" style=\"--awb-bg-size:cover;--awb-width-large:50%;--awb-margin-top-large:0px;--awb-spacing-right-large:3.84%;--awb-margin-bottom-large:20px;--awb-spacing-left-large:3.84%;--awb-width-medium:50%;--awb-order-medium:0;--awb-spacing-right-medium:3.84%;--awb-spacing-left-medium:3.84%;--awb-width-small:100%;--awb-order-small:0;--awb-spacing-right-small:1.92%;--awb-spacing-left-small:1.92%;\"><div class=\"fusion-column-wrapper fusion-column-has-shadow fusion-flex-justify-content-flex-start fusion-content-layout-column\"><div class=\"fusion-image-element \" style=\"--awb-aspect-ratio:1 \/ 1;--awb-caption-title-font-family:var(--h2_typography-font-family);--awb-caption-title-font-weight:var(--h2_typography-font-weight);--awb-caption-title-font-style:var(--h2_typography-font-style);--awb-caption-title-size:var(--h2_typography-font-size);--awb-caption-title-transform:var(--h2_typography-text-transform);--awb-caption-title-line-height:var(--h2_typography-line-height);--awb-caption-title-letter-spacing:var(--h2_typography-letter-spacing);\"><span class=\" fusion-imageframe imageframe-none imageframe-2 hover-type-none has-aspect-ratio\"><img decoding=\"async\" width=\"2560\" height=\"1920\" title=\"53325cc5f09436182104bf12c01c777e4a93a699\" src=\"https:\/\/lafruitera.cat\/wp-content\/uploads\/2026\/03\/53325cc5f09436182104bf12c01c777e4a93a699-scaled.jpg\" data-orig-src=\"https:\/\/lafruitera.cat\/wp-content\/uploads\/2026\/03\/53325cc5f09436182104bf12c01c777e4a93a699-scaled.jpg\" class=\"lazyload img-responsive wp-image-290 img-with-aspect-ratio\" data-parent-fit=\"cover\" data-parent-container=\".fusion-image-element\" alt srcset=\"data:image\/svg+xml,%3Csvg%20xmlns%3D%27http%3A%2F%2Fwww.w3.org%2F2000%2Fsvg%27%20width%3D%272560%27%20height%3D%271920%27%20viewBox%3D%270%200%202560%201920%27%3E%3Crect%20width%3D%272560%27%20height%3D%271920%27%20fill-opacity%3D%220%22%2F%3E%3C%2Fsvg%3E\" data-srcset=\"https:\/\/lafruitera.cat\/wp-content\/uploads\/2026\/03\/53325cc5f09436182104bf12c01c777e4a93a699-200x150.jpg 200w, https:\/\/lafruitera.cat\/wp-content\/uploads\/2026\/03\/53325cc5f09436182104bf12c01c777e4a93a699-400x300.jpg 400w, https:\/\/lafruitera.cat\/wp-content\/uploads\/2026\/03\/53325cc5f09436182104bf12c01c777e4a93a699-600x450.jpg 600w, https:\/\/lafruitera.cat\/wp-content\/uploads\/2026\/03\/53325cc5f09436182104bf12c01c777e4a93a699-800x600.jpg 800w, https:\/\/lafruitera.cat\/wp-content\/uploads\/2026\/03\/53325cc5f09436182104bf12c01c777e4a93a699-1200x900.jpg 1200w, https:\/\/lafruitera.cat\/wp-content\/uploads\/2026\/03\/53325cc5f09436182104bf12c01c777e4a93a699-scaled.jpg 2560w\" data-sizes=\"auto\" data-orig-sizes=\"(max-width: 640px) 100vw, 600px\" \/><\/span><\/div><\/div><\/div><\/div><\/div><div class=\"fusion-fullwidth fullwidth-box fusion-builder-row-4 fusion-flex-container has-pattern-background has-mask-background nonhundred-percent-fullwidth non-hundred-percent-height-scrolling\" style=\"--awb-border-radius-top-left:0px;--awb-border-radius-top-right:0px;--awb-border-radius-bottom-right:0px;--awb-border-radius-bottom-left:0px;--awb-padding-top:3%;--awb-padding-bottom:3%;--awb-flex-wrap:wrap;\" ><div class=\"fusion-builder-row fusion-row fusion-flex-align-items-flex-start fusion-flex-content-wrap\" style=\"max-width:1248px;margin-left: calc(-4% \/ 2 );margin-right: calc(-4% \/ 2 );\"><div class=\"fusion-layout-column fusion_builder_column fusion-builder-column-5 fusion_builder_column_1_1 1_1 fusion-flex-column\" style=\"--awb-padding-top:10%;--awb-padding-right:5%;--awb-padding-bottom:10%;--awb-padding-left:5%;--awb-bg-image:linear-gradient(180deg, rgba(0,0,0,0.3) 0%,rgba(0,0,0,0.3) 100%);;--awb-bg-size:cover;--awb-width-large:100%;--awb-margin-top-large:0px;--awb-spacing-right-large:1.92%;--awb-margin-bottom-large:20px;--awb-spacing-left-large:1.92%;--awb-width-medium:100%;--awb-order-medium:0;--awb-spacing-right-medium:1.92%;--awb-spacing-left-medium:1.92%;--awb-width-small:100%;--awb-order-small:0;--awb-spacing-right-small:1.92%;--awb-spacing-left-small:1.92%;\"><div class=\"fusion-column-wrapper lazyload fusion-column-has-shadow fusion-flex-justify-content-flex-start fusion-content-layout-column fusion-column-has-bg-image\" data-bg-url=\"https:\/\/lafruitera.cat\/wp-content\/uploads\/2026\/03\/cc2916f09b268a14cde5c4cd64255bf1efe1f5c6.png\" data-bg=\"https:\/\/lafruitera.cat\/wp-content\/uploads\/2026\/03\/cc2916f09b268a14cde5c4cd64255bf1efe1f5c6.png\" data-bg-gradient=\"linear-gradient(180deg, rgba(0,0,0,0.3) 0%,rgba(0,0,0,0.3) 100%)\"><div class=\"fusion-title title fusion-title-5 fusion-sep-none fusion-title-text fusion-title-size-two\" style=\"--awb-text-color:#ffffff;--awb-margin-top-small:10px;--awb-margin-right-small:0px;--awb-margin-bottom-small:10px;--awb-margin-left-small:0px;\"><h2 class=\"fusion-title-heading title-heading-left\" style=\"margin:0;\">Del campo a casa <span style=\"font-size: 1em; letter-spacing: -0.465px; background-color: rgba(0, 0, 0, 0);\">\u00a1Elige los mejores productos de temporada y a\u00f1\u00e1delos a tu caja!<\/span><\/h2><\/div><div ><a class=\"fusion-button button-flat fusion-button-default-size button-custom fusion-button-default button-1 fusion-button-default-span fusion-button-default-type\" style=\"--button_accent_color:var(--awb-color1);--button_accent_hover_color:var(--awb-color1);--button_border_hover_color:var(--awb-color1);--button_border_width-top:1px;--button_border_width-right:1px;--button_border_width-bottom:1px;--button_border_width-left:1px;--button_gradient_top_color:rgba(255,255,255,0);--button_gradient_bottom_color:rgba(255,255,255,0);--button_gradient_top_color_hover:#000000;--button_gradient_bottom_color_hover:#000000;\" target=\"_self\" href=\"https:\/\/lafruitera.cat\/es\/tienda\/\"><span class=\"fusion-button-text awb-button__text awb-button__text--default\">Comprar<\/span><\/a><\/div><\/div><\/div><\/div><\/div><\/p>\n","protected":false},"excerpt":{"rendered":"","protected":false},"author":1,"featured_media":0,"parent":0,"menu_order":0,"comment_status":"closed","ping_status":"closed","template":"100-width.php","meta":{"footnotes":""},"class_list":["post-287","page","type-page","status-publish","hentry"],"_links":{"self":[{"href":"https:\/\/lafruitera.cat\/es\/wp-json\/wp\/v2\/pages\/287","targetHints":{"allow":["GET"]}}],"collection":[{"href":"https:\/\/lafruitera.cat\/es\/wp-json\/wp\/v2\/pages"}],"about":[{"href":"https:\/\/lafruitera.cat\/es\/wp-json\/wp\/v2\/types\/page"}],"author":[{"embeddable":true,"href":"https:\/\/lafruitera.cat\/es\/wp-json\/wp\/v2\/users\/1"}],"replies":[{"embeddable":true,"href":"https:\/\/lafruitera.cat\/es\/wp-json\/wp\/v2\/comments?post=287"}],"version-history":[{"count":3,"href":"https:\/\/lafruitera.cat\/es\/wp-json\/wp\/v2\/pages\/287\/revisions"}],"predecessor-version":[{"id":294,"href":"https:\/\/lafruitera.cat\/es\/wp-json\/wp\/v2\/pages\/287\/revisions\/294"}],"wp:attachment":[{"href":"https:\/\/lafruitera.cat\/es\/wp-json\/wp\/v2\/media?parent=287"}],"curies":[{"name":"wp","href":"https:\/\/api.w.org\/{rel}","templated":true}]}}